{"id":1613,"date":"2015-02-03T14:49:09","date_gmt":"2015-02-03T14:49:09","guid":{"rendered":"https:\/\/fhpgro.waik.xyz\/?page_id=1613"},"modified":"2021-11-11T14:36:49","modified_gmt":"2021-11-11T19:36:49","slug":"contacto","status":"publish","type":"page","link":"https:\/\/fhpmayakobadelivery.com\/en\/contacto\/","title":{"rendered":"Contacto"},"content":{"rendered":"<div  class=\"vc_row wpb_row vc_row-fluid vc_custom_1478007643581 ts-row-wide\"  ><div class=\"wpb_column vc_column_container vc_col-sm-12\">\n\t<div class=\"wpb_wrapper\">\n\t\n\t<div class=\"wpb_text_column wpb_content_element\" >\n\t\t<div class=\"wpb_wrapper\">\n\t\t\t<h3 class=\"title-bottom-line\" style=\"font-weight: bold; color: #000000; text-align: center;\">CONTACT<\/h3>\n\n\t\t<\/div>\n\t<\/div>\n\n\t<div class=\"wpb_text_column wpb_content_element\" >\n\t\t<div class=\"wpb_wrapper\">\n\t\t\t<p><iframe loading=\"lazy\" style=\"border: 0;\" src=\"https:\/\/www.google.com\/maps\/embed?pb=!1m18!1m12!1m3!1d13530.71120011357!2d-87.02814579221835!3d20.685440429448782!2m3!1f0!2f0!3f0!3m2!1i1024!2i768!4f13.1!3m3!1m2!1s0x8f4e5dc58e2a8651%3A0xd6c4bfcb0f5c92f0!2sFairmont%20Heritage%20Place%20Mayakoba!5e1!3m2!1sen!2smx!4v1636658816893!5m2!1sen!2smx\" width=\"1200\" height=\"450\" allowfullscreen=\"allowfullscreen\"><\/iframe><\/p>\n\n\t\t<\/div>\n\t<\/div>\n<div class=\"vc_row wpb_row vc_inner vc_row-fluid vc_custom_1478053234990\"><div class=\"wpb_column vc_column_container vc_col-sm-4\"><div class=\"vc_column-inner\"><div class=\"wpb_wrapper\">\n\t<div class=\"wpb_text_column wpb_content_element\" >\n\t\t<div class=\"wpb_wrapper\">\n\t\t\t<div class=\"office-address primary-text\" style=\"text-align: center;\">ADDRESS<\/div>\n<div id=\"comp-kpzv52eq\" class=\"XUUsC\" title=\"\">\n<div data-testid=\"linkElement\"><\/div>\n<div class=\"xQ_iF\" style=\"text-align: center;\" data-testid=\"linkElement\">Carretera Federal Chetumal Puerto Juarez Km 298<\/div>\n<\/div>\n<div id=\"comp-j38g6qqs\" class=\"_1Q9if\" data-testid=\"richTextElement\">\n<p class=\"font_8\" style=\"text-align: center;\"><span class=\"color_11\">Col. Ejido CP. 77710, <\/span><span class=\"color_11\">Solidaridad, Quintana Roo, Mexico\u00a0<\/span><\/p>\n<\/div>\n\n\t\t<\/div>\n\t<\/div>\n<\/div><\/div><\/div><div class=\"wpb_column vc_column_container vc_col-sm-4\"><div class=\"vc_column-inner\"><div class=\"wpb_wrapper\">\n\t<div class=\"wpb_text_column wpb_content_element\" >\n\t\t<div class=\"wpb_wrapper\">\n\t\t\t<div class=\"phone-numbers primary-text\" style=\"text-align: center;\">PHONE<\/div>\n<p class=\"text-color-default\" style=\"text-align: center;\">+(52) 984- 206-4730<\/p>\n\n\t\t<\/div>\n\t<\/div>\n<\/div><\/div><\/div><div class=\"wpb_column vc_column_container vc_col-sm-4\"><div class=\"vc_column-inner\"><div class=\"wpb_wrapper\">\n\t<div class=\"wpb_text_column wpb_content_element\" >\n\t\t<div class=\"wpb_wrapper\">\n\t\t\t<div class=\"email-address primary-text\" style=\"text-align: center;\">EMAIL<\/div>\n<p style=\"text-align: center;\">ownerservices.mayakoba@fairmont.com<\/p>\n\n\t\t<\/div>\n\t<\/div>\n<\/div><\/div><\/div><\/div>\n<div class=\"wpcf7 no-js\" id=\"wpcf7-f17-o1\" lang=\"en-US\" dir=\"ltr\" data-wpcf7-id=\"17\">\n<div class=\"screen-reader-response\"><p role=\"status\" aria-live=\"polite\" aria-atomic=\"true\"><\/p> <ul><\/ul><\/div>\n<form action=\"\/en\/wp-json\/wp\/v2\/pages\/1613#wpcf7-f17-o1\" method=\"post\" class=\"wpcf7-form init\" aria-label=\"Contact form\" novalidate=\"novalidate\" data-status=\"init\" data-trp-original-action=\"\/en\/wp-json\/wp\/v2\/pages\/1613#wpcf7-f17-o1\">\n<fieldset class=\"hidden-fields-container\"><input type=\"hidden\" name=\"_wpcf7\" value=\"17\" \/><input type=\"hidden\" name=\"_wpcf7_version\" value=\"6.1.5\" \/><input type=\"hidden\" name=\"_wpcf7_locale\" value=\"en_US\" \/><input type=\"hidden\" name=\"_wpcf7_unit_tag\" value=\"wpcf7-f17-o1\" \/><input type=\"hidden\" name=\"_wpcf7_container_post\" value=\"0\" \/><input type=\"hidden\" name=\"_wpcf7_posted_data_hash\" value=\"\" \/>\n<\/fieldset>\n<div class=\"contact-form\">\n\t<div class=\"col-1\">\n\t\t<p><label>Name <span class=\"required\">*<\/span><\/label><span class=\"wpcf7-form-control-wrap\" data-name=\"your-name\"><input size=\"40\" maxlength=\"400\" class=\"wpcf7-form-control wpcf7-text wpcf7-validates-as-required\" aria-required=\"true\" aria-invalid=\"false\" value=\"\" type=\"text\" name=\"your-name\" \/><\/span>\n\t\t<\/p>\n\t\t<p><label>Email <span class=\"required\">*<\/span><\/label><span class=\"wpcf7-form-control-wrap\" data-name=\"your-email\"><input size=\"40\" maxlength=\"400\" class=\"wpcf7-form-control wpcf7-email wpcf7-validates-as-required wpcf7-text wpcf7-validates-as-email\" aria-required=\"true\" aria-invalid=\"false\" value=\"\" type=\"email\" name=\"your-email\" \/><\/span>\n\t\t<\/p>\n\t\t<p><label>Phone<\/label><span class=\"wpcf7-form-control-wrap\" data-name=\"your-phone\"><input size=\"40\" maxlength=\"400\" class=\"wpcf7-form-control wpcf7-text\" aria-invalid=\"false\" value=\"\" type=\"text\" name=\"your-phone\" \/><\/span>\n\t\t<\/p>\n\t<\/div>\n\t<div class=\"col-2\">\n\t\t<p><label>Message<\/label><span class=\"wpcf7-form-control-wrap\" data-name=\"your-message\"><textarea cols=\"40\" rows=\"10\" maxlength=\"2000\" class=\"wpcf7-form-control wpcf7-textarea\" aria-invalid=\"false\" name=\"your-message\"><\/textarea><\/span>\n\t\t<\/p>\n\t<\/div>\n\t<div class=\"sumbit-contact\">\n\t\t<div id=\"cf7sr-69e8b7ec67d62\" class=\"cf7sr-g-recaptcha\" data-theme=\"light\" data-type=\"image\" data-size=\"normal\" data-sitekey=\"6LfrejMgAAAAAMkHLuf2l3IPMTwppfUafM-cRNf0\"><\/div><span class=\"wpcf7-form-control-wrap cf7sr-recaptcha\" data-name=\"cf7sr-recaptcha\"><input type=\"hidden\" name=\"cf7sr-recaptcha\" value=\"\" class=\"wpcf7-form-control\"><\/span>\n\t\t<\/p>\n\t\t<p><input class=\"wpcf7-form-control wpcf7-submit has-spinner\" type=\"submit\" value=\"Submit\" \/>\n\t\t<\/p>\n\t<\/div>\n<\/div><p style=\"display: none !important;\" class=\"akismet-fields-container\" data-prefix=\"_wpcf7_ak_\"><label>&#916;<textarea name=\"_wpcf7_ak_hp_textarea\" cols=\"45\" rows=\"8\" maxlength=\"100\"><\/textarea><\/label><input type=\"hidden\" id=\"ak_js_1\" name=\"_wpcf7_ak_js\" value=\"155\"\/><script>document.getElementById( \"ak_js_1\" ).setAttribute( \"value\", ( new Date() ).getTime() );<\/script><\/p><div class=\"wpcf7-response-output\" aria-hidden=\"true\"><\/div>\n<input type=\"hidden\" name=\"trp-form-language\" value=\"en\"\/><\/form>\n<\/div>\n\t<\/div>\n<\/div><\/div>","protected":false},"excerpt":{"rendered":"CONTACTO DIRECCI\u00d3N Carretera Federal Chetumal Puerto Juarez Km 298 Col. Ejido CP. 77710, Solidaridad, Quintana Roo, Mexico\u00a0 TEL\u00c9FONO +(52) 984- 206-4730 CORREO ELECTR\u00d3NICO ownerservices.mayakoba@fairmont.com Nombre * Correo electr\u00f3nico * Tel\u00e9fono Mensaje &#916;","protected":false},"author":1,"featured_media":0,"parent":0,"menu_order":0,"comment_status":"closed","ping_status":"closed","template":"","meta":{"footnotes":""},"class_list":["post-1613","page","type-page","status-publish","hentry"],"_links":{"self":[{"href":"https:\/\/fhpmayakobadelivery.com\/en\/wp-json\/wp\/v2\/pages\/1613","targetHints":{"allow":["GET"]}}],"collection":[{"href":"https:\/\/fhpmayakobadelivery.com\/en\/wp-json\/wp\/v2\/pages"}],"about":[{"href":"https:\/\/fhpmayakobadelivery.com\/en\/wp-json\/wp\/v2\/types\/page"}],"author":[{"embeddable":true,"href":"https:\/\/fhpmayakobadelivery.com\/en\/wp-json\/wp\/v2\/users\/1"}],"replies":[{"embeddable":true,"href":"https:\/\/fhpmayakobadelivery.com\/en\/wp-json\/wp\/v2\/comments?post=1613"}],"version-history":[{"count":14,"href":"https:\/\/fhpmayakobadelivery.com\/en\/wp-json\/wp\/v2\/pages\/1613\/revisions"}],"predecessor-version":[{"id":8561,"href":"https:\/\/fhpmayakobadelivery.com\/en\/wp-json\/wp\/v2\/pages\/1613\/revisions\/8561"}],"wp:attachment":[{"href":"https:\/\/fhpmayakobadelivery.com\/en\/wp-json\/wp\/v2\/media?parent=1613"}],"curies":[{"name":"wp","href":"https:\/\/api.w.org\/{rel}","templated":true}]}}